{"id":551,"date":"2025-10-11T09:14:05","date_gmt":"2025-10-11T09:14:05","guid":{"rendered":"https:\/\/eurolabels.be\/?post_type=product&#038;p=551"},"modified":"2026-01-16T09:25:42","modified_gmt":"2026-01-16T09:25:42","slug":"houtvrije-kassarollen-76x80x12-50-stuks","status":"publish","type":"product","link":"https:\/\/eurolabels.be\/fr\/produit\/houtvrije-kassarollen-76x80x12-50-stuks\/","title":{"rendered":"Rouleaux de caisse sans bois 76\u00d780\u00d712 mm \u2013 50 pi\u00e8ces"},"content":{"rendered":"","protected":false},"excerpt":{"rendered":"<p>Rouleaux de caisse sans bois 76\u00d780\u00d712 mm<\/p>\n<p>-50 rouleaux par bo\u00eete<\/p>\n<p>-Avec rep\u00e8res de fin<\/p>\n<p>-Livraison gratuite<\/p>","protected":false},"featured_media":552,"comment_status":"open","ping_status":"closed","template":"","meta":{"_acf_changed":false,"om_disable_all_campaigns":false,"_monsterinsights_skip_tracking":false,"_monsterinsights_sitenote_active":false,"_monsterinsights_sitenote_note":"","_monsterinsights_sitenote_category":0},"product_brand":[],"product_cat":[29],"product_tag":[],"class_list":{"0":"post-551","1":"product","2":"type-product","3":"status-publish","4":"has-post-thumbnail","6":"product_cat-kassarollen","8":"first","9":"instock","10":"taxable","11":"shipping-taxable","12":"purchasable","13":"product-type-simple"},"acf":[],"aioseo_notices":[],"jetpack_sharing_enabled":true,"tiered_pricing_type":"fixed","tiered_pricing_fixed_rules":{"3":35,"5":33},"tiered_pricing_product_settings":{"layout":"default","base_unit_name":{"singular":null,"plural":null},"default_variation":null},"tiered_pricing_minimum_quantity":null,"tiered_pricing_roles_data":[],"tiered_pricing_percentage_rules":[],"_links":{"self":[{"href":"https:\/\/eurolabels.be\/fr\/wp-json\/wp\/v2\/product\/551","targetHints":{"allow":["GET"]}}],"collection":[{"href":"https:\/\/eurolabels.be\/fr\/wp-json\/wp\/v2\/product"}],"about":[{"href":"https:\/\/eurolabels.be\/fr\/wp-json\/wp\/v2\/types\/product"}],"replies":[{"embeddable":true,"href":"https:\/\/eurolabels.be\/fr\/wp-json\/wp\/v2\/comments?post=551"}],"wp:featuredmedia":[{"embeddable":true,"href":"https:\/\/eurolabels.be\/fr\/wp-json\/wp\/v2\/media\/552"}],"wp:attachment":[{"href":"https:\/\/eurolabels.be\/fr\/wp-json\/wp\/v2\/media?parent=551"}],"wp:term":[{"taxonomy":"product_brand","embeddable":true,"href":"https:\/\/eurolabels.be\/fr\/wp-json\/wp\/v2\/product_brand?post=551"},{"taxonomy":"product_cat","embeddable":true,"href":"https:\/\/eurolabels.be\/fr\/wp-json\/wp\/v2\/product_cat?post=551"},{"taxonomy":"product_tag","embeddable":true,"href":"https:\/\/eurolabels.be\/fr\/wp-json\/wp\/v2\/product_tag?post=551"}],"curies":[{"name":"wp","href":"https:\/\/api.w.org\/{rel}","templated":true}]}}