{"id":470,"date":"2025-09-01T12:27:31","date_gmt":"2025-09-01T12:27:31","guid":{"rendered":"https:\/\/eurolabels.be\/?post_type=product&#038;p=470"},"modified":"2026-01-16T09:39:32","modified_gmt":"2026-01-16T09:39:32","slug":"zebra-labels-57x51","status":"publish","type":"product","link":"https:\/\/eurolabels.be\/fr\/produit\/zebra-labels-57x51\/","title":{"rendered":"\u00c9tiquettes Zebra 57\u00d751 mm"},"content":{"rendered":"","protected":false},"excerpt":{"rendered":"<p>\u00c9tiquettes Zebra 57\u00d751 mm<\/p>\n<p>57mm x 51mm<br \/>\n12 rouleaux par bo\u00eete<br \/>\nMandrin : 25 mm<br \/>\n1.370 \u00e9tiquettes par rouleau<br \/>\nAdh\u00e9sif permanent<\/p>\n<p>\u00c0 partir de 1 bo\u00eete : 5,60 \u20ac par rouleau<br \/>\n\u00c0 partir de 2 bo\u00eetes : 5,40 \u20ac par rouleau<br \/>\n\u00c0 partir de 4 bo\u00eetes : 5,30 \u20ac par rouleau<br \/>\n\u00c0 partir de 10 bo\u00eetes : 4,80 \u20ac par rouleau<\/p>","protected":false},"featured_media":467,"comment_status":"open","ping_status":"closed","template":"","meta":{"_acf_changed":false,"om_disable_all_campaigns":false,"_monsterinsights_skip_tracking":false,"_monsterinsights_sitenote_active":false,"_monsterinsights_sitenote_note":"","_monsterinsights_sitenote_category":0},"product_brand":[],"product_cat":[35],"product_tag":[],"class_list":{"0":"post-470","1":"product","2":"type-product","3":"status-publish","4":"has-post-thumbnail","6":"product_cat-zebra-labels","8":"first","9":"instock","10":"taxable","11":"shipping-taxable","12":"purchasable","13":"product-type-simple"},"acf":[],"aioseo_notices":[],"jetpack_sharing_enabled":true,"tiered_pricing_type":"fixed","tiered_pricing_fixed_rules":{"2":64.8,"4":63.6,"10":57.6},"tiered_pricing_product_settings":{"layout":"default","base_unit_name":{"singular":null,"plural":null},"default_variation":null},"tiered_pricing_minimum_quantity":null,"tiered_pricing_roles_data":[],"tiered_pricing_percentage_rules":[],"_links":{"self":[{"href":"https:\/\/eurolabels.be\/fr\/wp-json\/wp\/v2\/product\/470","targetHints":{"allow":["GET"]}}],"collection":[{"href":"https:\/\/eurolabels.be\/fr\/wp-json\/wp\/v2\/product"}],"about":[{"href":"https:\/\/eurolabels.be\/fr\/wp-json\/wp\/v2\/types\/product"}],"replies":[{"embeddable":true,"href":"https:\/\/eurolabels.be\/fr\/wp-json\/wp\/v2\/comments?post=470"}],"wp:featuredmedia":[{"embeddable":true,"href":"https:\/\/eurolabels.be\/fr\/wp-json\/wp\/v2\/media\/467"}],"wp:attachment":[{"href":"https:\/\/eurolabels.be\/fr\/wp-json\/wp\/v2\/media?parent=470"}],"wp:term":[{"taxonomy":"product_brand","embeddable":true,"href":"https:\/\/eurolabels.be\/fr\/wp-json\/wp\/v2\/product_brand?post=470"},{"taxonomy":"product_cat","embeddable":true,"href":"https:\/\/eurolabels.be\/fr\/wp-json\/wp\/v2\/product_cat?post=470"},{"taxonomy":"product_tag","embeddable":true,"href":"https:\/\/eurolabels.be\/fr\/wp-json\/wp\/v2\/product_tag?post=470"}],"curies":[{"name":"wp","href":"https:\/\/api.w.org\/{rel}","templated":true}]}}