{"id":464,"date":"2025-09-01T11:55:30","date_gmt":"2025-09-01T11:55:30","guid":{"rendered":"https:\/\/eurolabels.be\/?post_type=product&#038;p=464"},"modified":"2026-01-16T09:32:54","modified_gmt":"2026-01-16T09:32:54","slug":"weegschaal-etiketten-58x43-50-stuks","status":"publish","type":"product","link":"https:\/\/eurolabels.be\/fr\/produit\/weegschaal-etiketten-58x43-50-stuks\/","title":{"rendered":"\u00c9tiquettes pour balances 58\u00d743 mm \u2013 50 pi\u00e8ces"},"content":{"rendered":"","protected":false},"excerpt":{"rendered":"<p>\u00c9tiquettes pour balances 58\u00d743 mm<\/p>\n<p>Qualit\u00e9 : Thermique<br \/>\nCouleur : blanc<br \/>\nFormat de l\u2019\u00e9tiquette en mm : 58\u00d743<br \/>\nNombre d\u2019\u00e9tiquettes par rouleau : 1050<br \/>\n50 rouleaux par bo\u00eete<br \/>\nMandrin : 40 mm<br \/>\nEnroulement ext\u00e9rieur<\/p>\n<p class=\" translation-block\">\u00c0 partir de 1 bo\u00eete : 4,90 \u20ac par rouleau<br>\n\u00c0 partir de 3 bo\u00eetes : 4,40 \u20ac par rouleau<br>\n\u00c0 partir de 5 bo\u00eetes : 3,90 \u20ac par rouleau<\/p>","protected":false},"featured_media":137,"comment_status":"open","ping_status":"closed","template":"","meta":{"_acf_changed":false,"om_disable_all_campaigns":false,"_monsterinsights_skip_tracking":false,"_monsterinsights_sitenote_active":false,"_monsterinsights_sitenote_note":"","_monsterinsights_sitenote_category":0},"product_brand":[],"product_cat":[34],"product_tag":[],"class_list":{"0":"post-464","1":"product","2":"type-product","3":"status-publish","4":"has-post-thumbnail","6":"product_cat-weegschaal-etiketten","8":"first","9":"instock","10":"taxable","11":"shipping-taxable","12":"purchasable","13":"product-type-simple"},"acf":[],"aioseo_notices":[],"jetpack_sharing_enabled":true,"tiered_pricing_type":"fixed","tiered_pricing_fixed_rules":{"3":217.9,"5":189.5},"tiered_pricing_product_settings":{"layout":"default","base_unit_name":{"singular":null,"plural":null},"default_variation":null},"tiered_pricing_minimum_quantity":null,"tiered_pricing_roles_data":[],"tiered_pricing_percentage_rules":[],"_links":{"self":[{"href":"https:\/\/eurolabels.be\/fr\/wp-json\/wp\/v2\/product\/464","targetHints":{"allow":["GET"]}}],"collection":[{"href":"https:\/\/eurolabels.be\/fr\/wp-json\/wp\/v2\/product"}],"about":[{"href":"https:\/\/eurolabels.be\/fr\/wp-json\/wp\/v2\/types\/product"}],"replies":[{"embeddable":true,"href":"https:\/\/eurolabels.be\/fr\/wp-json\/wp\/v2\/comments?post=464"}],"wp:featuredmedia":[{"embeddable":true,"href":"https:\/\/eurolabels.be\/fr\/wp-json\/wp\/v2\/media\/137"}],"wp:attachment":[{"href":"https:\/\/eurolabels.be\/fr\/wp-json\/wp\/v2\/media?parent=464"}],"wp:term":[{"taxonomy":"product_brand","embeddable":true,"href":"https:\/\/eurolabels.be\/fr\/wp-json\/wp\/v2\/product_brand?post=464"},{"taxonomy":"product_cat","embeddable":true,"href":"https:\/\/eurolabels.be\/fr\/wp-json\/wp\/v2\/product_cat?post=464"},{"taxonomy":"product_tag","embeddable":true,"href":"https:\/\/eurolabels.be\/fr\/wp-json\/wp\/v2\/product_tag?post=464"}],"curies":[{"name":"wp","href":"https:\/\/api.w.org\/{rel}","templated":true}]}}