{"id":463,"date":"2025-09-01T11:08:38","date_gmt":"2025-09-01T11:08:38","guid":{"rendered":"https:\/\/eurolabels.be\/?post_type=product&#038;p=463"},"modified":"2026-01-16T09:34:00","modified_gmt":"2026-01-16T09:34:00","slug":"linerless-labels-58x280-meter-5-stuks","status":"publish","type":"product","link":"https:\/\/eurolabels.be\/fr\/produit\/linerless-labels-58x280-meter-5-stuks\/","title":{"rendered":"\u00c9tiquettes linerless 58\u00d7280 mm \u2013 5 pi\u00e8ces"},"content":{"rendered":"","protected":false},"excerpt":{"rendered":"<p>\u00c9tiquettes linerless 58\u00d7280 mm<\/p>\n<p>5 rouleaux par bo\u00eete<\/p>\n<p>Format : Largeur 58 mm<\/p>\n<p>Longueur du papier : 280 m<\/p>\n<p>Mat\u00e9riau : Thermo top, sans ph\u00e9nol<\/p>\n<p>Mandrin : 76 mm<\/p>\n<p>Enroulement ext\u00e9rieur<\/p>\n<p>Prix par rouleau pour l\u2019achat d\u2019une bo\u00eete : 17,94 \u20ac<\/p>\n<p>Prix par rouleau pour l\u2019achat de 3 bo\u00eetes : 16,59 \u20ac<\/p>\n<p>Prix par rouleau pour l\u2019achat de 5 bo\u00eetes : 15,29 \u20ac<\/p>\n<p>Prix par rouleau pour l\u2019achat de 10 bo\u00eetes : 14,64 \u20ac<\/p>","protected":false},"featured_media":461,"comment_status":"open","ping_status":"closed","template":"","meta":{"_acf_changed":false,"om_disable_all_campaigns":false,"_monsterinsights_skip_tracking":false,"_monsterinsights_sitenote_active":false,"_monsterinsights_sitenote_note":"","_monsterinsights_sitenote_category":0},"product_brand":[],"product_cat":[34,33],"product_tag":[],"class_list":{"0":"post-463","1":"product","2":"type-product","3":"status-publish","4":"has-post-thumbnail","6":"product_cat-weegschaal-etiketten","7":"product_cat-linerless-labels","9":"first","10":"instock","11":"taxable","12":"shipping-taxable","13":"purchasable","14":"product-type-simple"},"acf":[],"aioseo_notices":[],"jetpack_sharing_enabled":true,"tiered_pricing_type":"fixed","tiered_pricing_fixed_rules":{"3":82.95,"5":76.45,"10":73.2},"tiered_pricing_product_settings":{"layout":"default","base_unit_name":{"singular":null,"plural":null},"default_variation":null},"tiered_pricing_minimum_quantity":null,"tiered_pricing_roles_data":[],"tiered_pricing_percentage_rules":[],"_links":{"self":[{"href":"https:\/\/eurolabels.be\/fr\/wp-json\/wp\/v2\/product\/463","targetHints":{"allow":["GET"]}}],"collection":[{"href":"https:\/\/eurolabels.be\/fr\/wp-json\/wp\/v2\/product"}],"about":[{"href":"https:\/\/eurolabels.be\/fr\/wp-json\/wp\/v2\/types\/product"}],"replies":[{"embeddable":true,"href":"https:\/\/eurolabels.be\/fr\/wp-json\/wp\/v2\/comments?post=463"}],"wp:featuredmedia":[{"embeddable":true,"href":"https:\/\/eurolabels.be\/fr\/wp-json\/wp\/v2\/media\/461"}],"wp:attachment":[{"href":"https:\/\/eurolabels.be\/fr\/wp-json\/wp\/v2\/media?parent=463"}],"wp:term":[{"taxonomy":"product_brand","embeddable":true,"href":"https:\/\/eurolabels.be\/fr\/wp-json\/wp\/v2\/product_brand?post=463"},{"taxonomy":"product_cat","embeddable":true,"href":"https:\/\/eurolabels.be\/fr\/wp-json\/wp\/v2\/product_cat?post=463"},{"taxonomy":"product_tag","embeddable":true,"href":"https:\/\/eurolabels.be\/fr\/wp-json\/wp\/v2\/product_tag?post=463"}],"curies":[{"name":"wp","href":"https:\/\/api.w.org\/{rel}","templated":true}]}}