{"id":462,"date":"2025-09-01T11:05:58","date_gmt":"2025-09-01T11:05:58","guid":{"rendered":"https:\/\/eurolabels.be\/?post_type=product&#038;p=462"},"modified":"2026-01-16T09:35:17","modified_gmt":"2026-01-16T09:35:17","slug":"linerless-labels-58x80-meter-30-stuks","status":"publish","type":"product","link":"https:\/\/eurolabels.be\/fr\/produit\/linerless-labels-58x80-meter-30-stuks\/","title":{"rendered":"\u00c9tiquettes linerless 58\u00d780 mm \u2013 30 pi\u00e8ces"},"content":{"rendered":"","protected":false},"excerpt":{"rendered":"<p>\u00c9tiquettes linerless 58\u00d780<\/p>\n<p>30 rouleaux par bo\u00eete<\/p>\n<p>Format : Largeur 58 mm<\/p>\n<p>Lengte papier : 80 meter<\/p>\n<p>Mat\u00e9riau : Thermo top, sans ph\u00e9nol<\/p>\n<p>Mandrin : 40 mm<\/p>\n<p>Enroulement ext\u00e9rieur<\/p>\n<p>Prix par rouleau pour l\u2019achat d\u2019une bo\u00eete : \u20ac5,12<\/p>\n<p>Prix par rouleau pour l\u2019achat de 3 bo\u00eetes : \u20ac4,74<\/p>\n<p>Prix par rouleau pour l\u2019achat de 5 bo\u00eetes : \u20ac4,36<\/p>","protected":false},"featured_media":461,"comment_status":"open","ping_status":"closed","template":"","meta":{"_acf_changed":false,"om_disable_all_campaigns":false,"_monsterinsights_skip_tracking":false,"_monsterinsights_sitenote_active":false,"_monsterinsights_sitenote_note":"","_monsterinsights_sitenote_category":0},"product_brand":[],"product_cat":[34,33],"product_tag":[],"class_list":{"0":"post-462","1":"product","2":"type-product","3":"status-publish","4":"has-post-thumbnail","6":"product_cat-weegschaal-etiketten","7":"product_cat-linerless-labels","9":"first","10":"instock","11":"taxable","12":"shipping-taxable","13":"purchasable","14":"product-type-simple"},"acf":[],"aioseo_notices":[],"jetpack_sharing_enabled":true,"tiered_pricing_type":"fixed","tiered_pricing_fixed_rules":{"3":142.2,"5":131},"tiered_pricing_product_settings":{"layout":"default","base_unit_name":{"singular":null,"plural":null},"default_variation":null},"tiered_pricing_minimum_quantity":null,"tiered_pricing_roles_data":[],"tiered_pricing_percentage_rules":[],"_links":{"self":[{"href":"https:\/\/eurolabels.be\/fr\/wp-json\/wp\/v2\/product\/462","targetHints":{"allow":["GET"]}}],"collection":[{"href":"https:\/\/eurolabels.be\/fr\/wp-json\/wp\/v2\/product"}],"about":[{"href":"https:\/\/eurolabels.be\/fr\/wp-json\/wp\/v2\/types\/product"}],"replies":[{"embeddable":true,"href":"https:\/\/eurolabels.be\/fr\/wp-json\/wp\/v2\/comments?post=462"}],"wp:featuredmedia":[{"embeddable":true,"href":"https:\/\/eurolabels.be\/fr\/wp-json\/wp\/v2\/media\/461"}],"wp:attachment":[{"href":"https:\/\/eurolabels.be\/fr\/wp-json\/wp\/v2\/media?parent=462"}],"wp:term":[{"taxonomy":"product_brand","embeddable":true,"href":"https:\/\/eurolabels.be\/fr\/wp-json\/wp\/v2\/product_brand?post=462"},{"taxonomy":"product_cat","embeddable":true,"href":"https:\/\/eurolabels.be\/fr\/wp-json\/wp\/v2\/product_cat?post=462"},{"taxonomy":"product_tag","embeddable":true,"href":"https:\/\/eurolabels.be\/fr\/wp-json\/wp\/v2\/product_tag?post=462"}],"curies":[{"name":"wp","href":"https:\/\/api.w.org\/{rel}","templated":true}]}}