{"id":455,"date":"2025-08-30T07:50:36","date_gmt":"2025-08-30T07:50:36","guid":{"rendered":"https:\/\/eurolabels.be\/?post_type=product&#038;p=455"},"modified":"2026-01-10T12:39:45","modified_gmt":"2026-01-10T12:39:45","slug":"thermische-kassarollen-80x80x12-50-stuks","status":"publish","type":"product","link":"https:\/\/eurolabels.be\/fr\/produit\/thermische-kassarollen-80x80x12-50-stuks\/","title":{"rendered":"Rouleaux de caisse thermiques 80\u00d780\u00d712 mm \u2013 50 pi\u00e8ces"},"content":{"rendered":"","protected":false},"excerpt":{"rendered":"<p>Rouleaux de caisse thermiques 80\u00d780\u00d712<\/p>\n<p>-50 rouleaux par bo\u00eete<\/p>\n<p>-75 m\u00e8tres par rouleau<\/p>\n<p>-Sans BPA<\/p>\n<p>-Livraison gratuite<\/p>","protected":false},"featured_media":379,"comment_status":"open","ping_status":"closed","template":"","meta":{"_acf_changed":false,"om_disable_all_campaigns":false,"_monsterinsights_skip_tracking":false,"_monsterinsights_sitenote_active":false,"_monsterinsights_sitenote_note":"","_monsterinsights_sitenote_category":0},"product_brand":[],"product_cat":[29],"product_tag":[],"class_list":{"0":"post-455","1":"product","2":"type-product","3":"status-publish","4":"has-post-thumbnail","6":"product_cat-kassarollen","8":"first","9":"instock","10":"taxable","11":"shipping-taxable","12":"purchasable","13":"product-type-simple"},"acf":[],"aioseo_notices":[],"jetpack_sharing_enabled":true,"tiered_pricing_type":"fixed","tiered_pricing_fixed_rules":{"3":55.95,"5":53.95,"10":49.95,"20":47.95},"tiered_pricing_product_settings":{"layout":"default","base_unit_name":{"singular":null,"plural":null},"default_variation":null},"tiered_pricing_minimum_quantity":null,"tiered_pricing_roles_data":[],"tiered_pricing_percentage_rules":[],"_links":{"self":[{"href":"https:\/\/eurolabels.be\/fr\/wp-json\/wp\/v2\/product\/455","targetHints":{"allow":["GET"]}}],"collection":[{"href":"https:\/\/eurolabels.be\/fr\/wp-json\/wp\/v2\/product"}],"about":[{"href":"https:\/\/eurolabels.be\/fr\/wp-json\/wp\/v2\/types\/product"}],"replies":[{"embeddable":true,"href":"https:\/\/eurolabels.be\/fr\/wp-json\/wp\/v2\/comments?post=455"}],"wp:featuredmedia":[{"embeddable":true,"href":"https:\/\/eurolabels.be\/fr\/wp-json\/wp\/v2\/media\/379"}],"wp:attachment":[{"href":"https:\/\/eurolabels.be\/fr\/wp-json\/wp\/v2\/media?parent=455"}],"wp:term":[{"taxonomy":"product_brand","embeddable":true,"href":"https:\/\/eurolabels.be\/fr\/wp-json\/wp\/v2\/product_brand?post=455"},{"taxonomy":"product_cat","embeddable":true,"href":"https:\/\/eurolabels.be\/fr\/wp-json\/wp\/v2\/product_cat?post=455"},{"taxonomy":"product_tag","embeddable":true,"href":"https:\/\/eurolabels.be\/fr\/wp-json\/wp\/v2\/product_tag?post=455"}],"curies":[{"name":"wp","href":"https:\/\/api.w.org\/{rel}","templated":true}]}}